{"id":4901,"date":"2022-03-08T15:02:45","date_gmt":"2022-03-08T20:02:45","guid":{"rendered":"https:\/\/monteregieeconomique.com\/invest\/interactive-map-investments\/"},"modified":"2023-07-19T09:33:50","modified_gmt":"2023-07-19T13:33:50","slug":"interactive-map-investments","status":"publish","type":"page","link":"https:\/\/monteregieeconomique.com\/en\/invest\/interactive-map-investments\/","title":{"rendered":"Interactive map Investments"},"content":{"rendered":"You must be logged in to view this content.","protected":false},"excerpt":{"rendered":"You must be logged in to view this content.","protected":false},"author":1,"featured_media":0,"parent":4825,"menu_order":0,"comment_status":"closed","ping_status":"closed","template":"","meta":{"inline_featured_image":false,"mapsvg_location":""},"acf":[],"yoast_head":"<!-- This site is optimized with the Yoast SEO plugin v21.1 - https:\/\/yoast.com\/wordpress\/plugins\/seo\/ -->\n<title>Map of Investment Attractions in Mont\u00e9r\u00e9gie<\/title>\n<meta name=\"description\" content=\"The Mont\u00e9r\u00e9gie area is strategically located and offers a wealth of resources to help you set up your business. Check out the map.\" \/>\n<meta name=\"robots\" content=\"index, follow, max-snippet:-1, max-image-preview:large, max-video-preview:-1\" \/>\n<link rel=\"canonical\" href=\"https:\/\/monteregieeconomique.com\/en\/invest\/interactive-map-investments\/\" \/>\n<meta property=\"og:locale\" content=\"en_US\" \/>\n<meta property=\"og:type\" content=\"article\" \/>\n<meta property=\"og:title\" content=\"Map of Investment Attractions in Mont\u00e9r\u00e9gie\" \/>\n<meta property=\"og:description\" content=\"The Mont\u00e9r\u00e9gie area is strategically located and offers a wealth of resources to help you set up your business. Check out the map.\" \/>\n<meta property=\"og:url\" content=\"https:\/\/monteregieeconomique.com\/en\/invest\/interactive-map-investments\/\" \/>\n<meta property=\"og:site_name\" content=\"Mont\u00e9r\u00e9gie \u00c9conomique\" \/>\n<meta property=\"article:publisher\" content=\"https:\/\/www.facebook.com\/monteregie.economique\" \/>\n<meta property=\"article:modified_time\" content=\"2023-07-19T13:33:50+00:00\" \/>\n<meta property=\"og:image\" content=\"https:\/\/monteregieeconomique.com\/wp-content\/uploads\/2021\/12\/OG.jpeg\" \/>\n\t<meta property=\"og:image:width\" content=\"1200\" \/>\n\t<meta property=\"og:image:height\" content=\"630\" \/>\n\t<meta property=\"og:image:type\" content=\"image\/jpeg\" \/>\n<meta name=\"twitter:card\" content=\"summary_large_image\" \/>\n<meta name=\"twitter:label1\" content=\"Est. reading time\" \/>\n\t<meta name=\"twitter:data1\" content=\"1 minute\" \/>\n<script type=\"application\/ld+json\" class=\"yoast-schema-graph\">{\"@context\":\"https:\/\/schema.org\",\"@graph\":[{\"@type\":\"WebPage\",\"@id\":\"https:\/\/monteregieeconomique.com\/en\/invest\/interactive-map-investments\/\",\"url\":\"https:\/\/monteregieeconomique.com\/en\/invest\/interactive-map-investments\/\",\"name\":\"Map of Investment Attractions in Mont\u00e9r\u00e9gie\",\"isPartOf\":{\"@id\":\"https:\/\/ec2-35-182-158-157.ca-central-1.compute.amazonaws.com\/#website\"},\"datePublished\":\"2022-03-08T20:02:45+00:00\",\"dateModified\":\"2023-07-19T13:33:50+00:00\",\"description\":\"The Mont\u00e9r\u00e9gie area is strategically located and offers a wealth of resources to help you set up your business. Check out the map.\",\"breadcrumb\":{\"@id\":\"https:\/\/monteregieeconomique.com\/en\/invest\/interactive-map-investments\/#breadcrumb\"},\"inLanguage\":\"en-US\",\"potentialAction\":[{\"@type\":\"ReadAction\",\"target\":[\"https:\/\/monteregieeconomique.com\/en\/invest\/interactive-map-investments\/\"]}]},{\"@type\":\"BreadcrumbList\",\"@id\":\"https:\/\/monteregieeconomique.com\/en\/invest\/interactive-map-investments\/#breadcrumb\",\"itemListElement\":[{\"@type\":\"ListItem\",\"position\":1,\"name\":\"Home\",\"item\":\"https:\/\/monteregieeconomique.com\/en\/\"},{\"@type\":\"ListItem\",\"position\":2,\"name\":\"Invest\",\"item\":\"https:\/\/monteregieeconomique.com\/en\/invest\/\"},{\"@type\":\"ListItem\",\"position\":3,\"name\":\"Interactive map Investments\"}]},{\"@type\":\"WebSite\",\"@id\":\"https:\/\/ec2-35-182-158-157.ca-central-1.compute.amazonaws.com\/#website\",\"url\":\"https:\/\/ec2-35-182-158-157.ca-central-1.compute.amazonaws.com\/\",\"name\":\"Mont\u00e9r\u00e9gie \u00c9conomique\",\"description\":\"La Mont\u00e9r\u00e9gie rayonne gr\u00e2ce \u00e0 la vitalit\u00e9 de son \u00e9cosyst\u00e8me \u00e9conomique. Un r\u00e9seau fort et concert\u00e9 soutenant l\u2019entrepreneuriat. D\u00e9couvrez-nous!\",\"publisher\":{\"@id\":\"https:\/\/ec2-35-182-158-157.ca-central-1.compute.amazonaws.com\/#organization\"},\"potentialAction\":[{\"@type\":\"SearchAction\",\"target\":{\"@type\":\"EntryPoint\",\"urlTemplate\":\"https:\/\/ec2-35-182-158-157.ca-central-1.compute.amazonaws.com\/?s={search_term_string}\"},\"query-input\":\"required name=search_term_string\"}],\"inLanguage\":\"en-US\"},{\"@type\":\"Organization\",\"@id\":\"https:\/\/ec2-35-182-158-157.ca-central-1.compute.amazonaws.com\/#organization\",\"name\":\"Mont\u00e9r\u00e9gie \u00c9conomique\",\"url\":\"https:\/\/ec2-35-182-158-157.ca-central-1.compute.amazonaws.com\/\",\"logo\":{\"@type\":\"ImageObject\",\"inLanguage\":\"en-US\",\"@id\":\"https:\/\/ec2-35-182-158-157.ca-central-1.compute.amazonaws.com\/#\/schema\/logo\/image\/\",\"url\":\"https:\/\/monteregieeconomique.com\/wp-content\/uploads\/2021\/12\/OG.jpeg\",\"contentUrl\":\"https:\/\/monteregieeconomique.com\/wp-content\/uploads\/2021\/12\/OG.jpeg\",\"width\":1200,\"height\":630,\"caption\":\"Mont\u00e9r\u00e9gie \u00c9conomique\"},\"image\":{\"@id\":\"https:\/\/ec2-35-182-158-157.ca-central-1.compute.amazonaws.com\/#\/schema\/logo\/image\/\"},\"sameAs\":[\"https:\/\/www.facebook.com\/monteregie.economique\",\"https:\/\/www.linkedin.com\/company\/mont\u00e9r\u00e9gie-\u00e9conomique\/\"]}]}<\/script>\n<!-- \/ Yoast SEO plugin. -->","yoast_head_json":{"title":"Map of Investment Attractions in Mont\u00e9r\u00e9gie","description":"The Mont\u00e9r\u00e9gie area is strategically located and offers a wealth of resources to help you set up your business. Check out the map.","robots":{"index":"index","follow":"follow","max-snippet":"max-snippet:-1","max-image-preview":"max-image-preview:large","max-video-preview":"max-video-preview:-1"},"canonical":"https:\/\/monteregieeconomique.com\/en\/invest\/interactive-map-investments\/","og_locale":"en_US","og_type":"article","og_title":"Map of Investment Attractions in Mont\u00e9r\u00e9gie","og_description":"The Mont\u00e9r\u00e9gie area is strategically located and offers a wealth of resources to help you set up your business. Check out the map.","og_url":"https:\/\/monteregieeconomique.com\/en\/invest\/interactive-map-investments\/","og_site_name":"Mont\u00e9r\u00e9gie \u00c9conomique","article_publisher":"https:\/\/www.facebook.com\/monteregie.economique","article_modified_time":"2023-07-19T13:33:50+00:00","og_image":[{"width":1200,"height":630,"url":"https:\/\/monteregieeconomique.com\/wp-content\/uploads\/2021\/12\/OG.jpeg","type":"image\/jpeg"}],"twitter_card":"summary_large_image","twitter_misc":{"Est. reading time":"1 minute"},"schema":{"@context":"https:\/\/schema.org","@graph":[{"@type":"WebPage","@id":"https:\/\/monteregieeconomique.com\/en\/invest\/interactive-map-investments\/","url":"https:\/\/monteregieeconomique.com\/en\/invest\/interactive-map-investments\/","name":"Map of Investment Attractions in Mont\u00e9r\u00e9gie","isPartOf":{"@id":"https:\/\/ec2-35-182-158-157.ca-central-1.compute.amazonaws.com\/#website"},"datePublished":"2022-03-08T20:02:45+00:00","dateModified":"2023-07-19T13:33:50+00:00","description":"The Mont\u00e9r\u00e9gie area is strategically located and offers a wealth of resources to help you set up your business. Check out the map.","breadcrumb":{"@id":"https:\/\/monteregieeconomique.com\/en\/invest\/interactive-map-investments\/#breadcrumb"},"inLanguage":"en-US","potentialAction":[{"@type":"ReadAction","target":["https:\/\/monteregieeconomique.com\/en\/invest\/interactive-map-investments\/"]}]},{"@type":"BreadcrumbList","@id":"https:\/\/monteregieeconomique.com\/en\/invest\/interactive-map-investments\/#breadcrumb","itemListElement":[{"@type":"ListItem","position":1,"name":"Home","item":"https:\/\/monteregieeconomique.com\/en\/"},{"@type":"ListItem","position":2,"name":"Invest","item":"https:\/\/monteregieeconomique.com\/en\/invest\/"},{"@type":"ListItem","position":3,"name":"Interactive map Investments"}]},{"@type":"WebSite","@id":"https:\/\/ec2-35-182-158-157.ca-central-1.compute.amazonaws.com\/#website","url":"https:\/\/ec2-35-182-158-157.ca-central-1.compute.amazonaws.com\/","name":"Mont\u00e9r\u00e9gie \u00c9conomique","description":"La Mont\u00e9r\u00e9gie rayonne gr\u00e2ce \u00e0 la vitalit\u00e9 de son \u00e9cosyst\u00e8me \u00e9conomique. Un r\u00e9seau fort et concert\u00e9 soutenant l\u2019entrepreneuriat. D\u00e9couvrez-nous!","publisher":{"@id":"https:\/\/ec2-35-182-158-157.ca-central-1.compute.amazonaws.com\/#organization"},"potentialAction":[{"@type":"SearchAction","target":{"@type":"EntryPoint","urlTemplate":"https:\/\/ec2-35-182-158-157.ca-central-1.compute.amazonaws.com\/?s={search_term_string}"},"query-input":"required name=search_term_string"}],"inLanguage":"en-US"},{"@type":"Organization","@id":"https:\/\/ec2-35-182-158-157.ca-central-1.compute.amazonaws.com\/#organization","name":"Mont\u00e9r\u00e9gie \u00c9conomique","url":"https:\/\/ec2-35-182-158-157.ca-central-1.compute.amazonaws.com\/","logo":{"@type":"ImageObject","inLanguage":"en-US","@id":"https:\/\/ec2-35-182-158-157.ca-central-1.compute.amazonaws.com\/#\/schema\/logo\/image\/","url":"https:\/\/monteregieeconomique.com\/wp-content\/uploads\/2021\/12\/OG.jpeg","contentUrl":"https:\/\/monteregieeconomique.com\/wp-content\/uploads\/2021\/12\/OG.jpeg","width":1200,"height":630,"caption":"Mont\u00e9r\u00e9gie \u00c9conomique"},"image":{"@id":"https:\/\/ec2-35-182-158-157.ca-central-1.compute.amazonaws.com\/#\/schema\/logo\/image\/"},"sameAs":["https:\/\/www.facebook.com\/monteregie.economique","https:\/\/www.linkedin.com\/company\/mont\u00e9r\u00e9gie-\u00e9conomique\/"]}]}},"_links":{"self":[{"href":"https:\/\/monteregieeconomique.com\/en\/wp-json\/wp\/v2\/pages\/4901"}],"collection":[{"href":"https:\/\/monteregieeconomique.com\/en\/wp-json\/wp\/v2\/pages"}],"about":[{"href":"https:\/\/monteregieeconomique.com\/en\/wp-json\/wp\/v2\/types\/page"}],"author":[{"embeddable":true,"href":"https:\/\/monteregieeconomique.com\/en\/wp-json\/wp\/v2\/users\/1"}],"replies":[{"embeddable":true,"href":"https:\/\/monteregieeconomique.com\/en\/wp-json\/wp\/v2\/comments?post=4901"}],"version-history":[{"count":12,"href":"https:\/\/monteregieeconomique.com\/en\/wp-json\/wp\/v2\/pages\/4901\/revisions"}],"predecessor-version":[{"id":7029,"href":"https:\/\/monteregieeconomique.com\/en\/wp-json\/wp\/v2\/pages\/4901\/revisions\/7029"}],"up":[{"embeddable":true,"href":"https:\/\/monteregieeconomique.com\/en\/wp-json\/wp\/v2\/pages\/4825"}],"wp:attachment":[{"href":"https:\/\/monteregieeconomique.com\/en\/wp-json\/wp\/v2\/media?parent=4901"}],"curies":[{"name":"wp","href":"https:\/\/api.w.org\/{rel}","templated":true}]}}