{"id":4806,"date":"2021-09-02T19:52:25","date_gmt":"2021-09-02T23:52:25","guid":{"rendered":"https:\/\/monteregieeconomique.com\/lespace-regional-dacceleration-et-de-croissance\/"},"modified":"2023-06-01T13:49:55","modified_gmt":"2023-06-01T17:49:55","slug":"innovation","status":"publish","type":"page","link":"https:\/\/monteregieeconomique.com\/en\/innovation\/","title":{"rendered":"L&#8217;espace r\u00e9gional d\u2019acc\u00e9l\u00e9ration et de croissance"},"content":{"rendered":"You must be logged in to view this content.","protected":false},"excerpt":{"rendered":"You must be logged in to view this content.","protected":false},"author":1,"featured_media":0,"parent":0,"menu_order":0,"comment_status":"closed","ping_status":"closed","template":"","meta":{"inline_featured_image":false,"mapsvg_location":""},"acf":[],"yoast_head":"<!-- This site is optimized with the Yoast SEO plugin v21.1 - https:\/\/yoast.com\/wordpress\/plugins\/seo\/ -->\n<title>ERAC-M - Mont\u00e9r\u00e9gie \u00c9conomique<\/title>\n<meta name=\"description\" content=\"ERAC-M is a network in the Mont\u00e9r\u00e9gie to support and promote entrepreneurship, acceleration, and business growth through innovation.\" \/>\n<meta name=\"robots\" content=\"index, follow, max-snippet:-1, max-image-preview:large, max-video-preview:-1\" \/>\n<link rel=\"canonical\" href=\"https:\/\/monteregieeconomique.com\/en\/innovation\/\" \/>\n<meta property=\"og:locale\" content=\"en_US\" \/>\n<meta property=\"og:type\" content=\"article\" \/>\n<meta property=\"og:title\" content=\"ERAC-M - Mont\u00e9r\u00e9gie \u00c9conomique\" \/>\n<meta property=\"og:description\" content=\"ERAC-M is a network in the Mont\u00e9r\u00e9gie to support and promote entrepreneurship, acceleration, and business growth through innovation.\" \/>\n<meta property=\"og:url\" content=\"https:\/\/monteregieeconomique.com\/en\/innovation\/\" \/>\n<meta property=\"og:site_name\" content=\"Mont\u00e9r\u00e9gie \u00c9conomique\" \/>\n<meta property=\"article:publisher\" content=\"https:\/\/www.facebook.com\/monteregie.economique\" \/>\n<meta property=\"article:modified_time\" content=\"2023-06-01T17:49:55+00:00\" \/>\n<meta property=\"og:image\" content=\"https:\/\/monteregieeconomique.com\/wp-content\/uploads\/2021\/12\/OG.jpeg\" \/>\n<meta name=\"twitter:card\" content=\"summary_large_image\" \/>\n<meta name=\"twitter:label1\" content=\"Est. reading time\" \/>\n\t<meta name=\"twitter:data1\" content=\"1 minute\" \/>\n<script type=\"application\/ld+json\" class=\"yoast-schema-graph\">{\"@context\":\"https:\/\/schema.org\",\"@graph\":[{\"@type\":\"WebPage\",\"@id\":\"https:\/\/monteregieeconomique.com\/en\/innovation\/\",\"url\":\"https:\/\/monteregieeconomique.com\/en\/innovation\/\",\"name\":\"ERAC-M - Mont\u00e9r\u00e9gie \u00c9conomique\",\"isPartOf\":{\"@id\":\"https:\/\/monteregieeconomique.com\/en\/#website\"},\"datePublished\":\"2021-09-02T23:52:25+00:00\",\"dateModified\":\"2023-06-01T17:49:55+00:00\",\"description\":\"ERAC-M is a network in the Mont\u00e9r\u00e9gie to support and promote entrepreneurship, acceleration, and business growth through innovation.\",\"breadcrumb\":{\"@id\":\"https:\/\/monteregieeconomique.com\/en\/innovation\/#breadcrumb\"},\"inLanguage\":\"en-US\",\"potentialAction\":[{\"@type\":\"ReadAction\",\"target\":[\"https:\/\/monteregieeconomique.com\/en\/innovation\/\"]}]},{\"@type\":\"BreadcrumbList\",\"@id\":\"https:\/\/monteregieeconomique.com\/en\/innovation\/#breadcrumb\",\"itemListElement\":[{\"@type\":\"ListItem\",\"position\":1,\"name\":\"Home\",\"item\":\"https:\/\/monteregieeconomique.com\/en\/\"},{\"@type\":\"ListItem\",\"position\":2,\"name\":\"L&rsquo;espace r\u00e9gional d\u2019acc\u00e9l\u00e9ration et de croissance\"}]},{\"@type\":\"WebSite\",\"@id\":\"https:\/\/monteregieeconomique.com\/en\/#website\",\"url\":\"https:\/\/monteregieeconomique.com\/en\/\",\"name\":\"Mont\u00e9r\u00e9gie \u00c9conomique\",\"description\":\"La Mont\u00e9r\u00e9gie rayonne gr\u00e2ce \u00e0 la vitalit\u00e9 de son \u00e9cosyst\u00e8me \u00e9conomique. Un r\u00e9seau fort et concert\u00e9 soutenant l\u2019entrepreneuriat. D\u00e9couvrez-nous!\",\"publisher\":{\"@id\":\"https:\/\/monteregieeconomique.com\/en\/#organization\"},\"potentialAction\":[{\"@type\":\"SearchAction\",\"target\":{\"@type\":\"EntryPoint\",\"urlTemplate\":\"https:\/\/monteregieeconomique.com\/en\/?s={search_term_string}\"},\"query-input\":\"required name=search_term_string\"}],\"inLanguage\":\"en-US\"},{\"@type\":\"Organization\",\"@id\":\"https:\/\/monteregieeconomique.com\/en\/#organization\",\"name\":\"Mont\u00e9r\u00e9gie \u00c9conomique\",\"url\":\"https:\/\/monteregieeconomique.com\/en\/\",\"logo\":{\"@type\":\"ImageObject\",\"inLanguage\":\"en-US\",\"@id\":\"https:\/\/monteregieeconomique.com\/en\/#\/schema\/logo\/image\/\",\"url\":\"https:\/\/monteregieeconomique.com\/wp-content\/uploads\/2021\/12\/OG.jpeg\",\"contentUrl\":\"https:\/\/monteregieeconomique.com\/wp-content\/uploads\/2021\/12\/OG.jpeg\",\"width\":1200,\"height\":630,\"caption\":\"Mont\u00e9r\u00e9gie \u00c9conomique\"},\"image\":{\"@id\":\"https:\/\/monteregieeconomique.com\/en\/#\/schema\/logo\/image\/\"},\"sameAs\":[\"https:\/\/www.facebook.com\/monteregie.economique\",\"https:\/\/www.linkedin.com\/company\/mont\u00e9r\u00e9gie-\u00e9conomique\/\"]}]}<\/script>\n<!-- \/ Yoast SEO plugin. -->","yoast_head_json":{"title":"ERAC-M - Mont\u00e9r\u00e9gie \u00c9conomique","description":"ERAC-M is a network in the Mont\u00e9r\u00e9gie to support and promote entrepreneurship, acceleration, and business growth through innovation.","robots":{"index":"index","follow":"follow","max-snippet":"max-snippet:-1","max-image-preview":"max-image-preview:large","max-video-preview":"max-video-preview:-1"},"canonical":"https:\/\/monteregieeconomique.com\/en\/innovation\/","og_locale":"en_US","og_type":"article","og_title":"ERAC-M - Mont\u00e9r\u00e9gie \u00c9conomique","og_description":"ERAC-M is a network in the Mont\u00e9r\u00e9gie to support and promote entrepreneurship, acceleration, and business growth through innovation.","og_url":"https:\/\/monteregieeconomique.com\/en\/innovation\/","og_site_name":"Mont\u00e9r\u00e9gie \u00c9conomique","article_publisher":"https:\/\/www.facebook.com\/monteregie.economique","article_modified_time":"2023-06-01T17:49:55+00:00","og_image":[{"url":"https:\/\/monteregieeconomique.com\/wp-content\/uploads\/2021\/12\/OG.jpeg"}],"twitter_card":"summary_large_image","twitter_misc":{"Est. reading time":"1 minute"},"schema":{"@context":"https:\/\/schema.org","@graph":[{"@type":"WebPage","@id":"https:\/\/monteregieeconomique.com\/en\/innovation\/","url":"https:\/\/monteregieeconomique.com\/en\/innovation\/","name":"ERAC-M - Mont\u00e9r\u00e9gie \u00c9conomique","isPartOf":{"@id":"https:\/\/monteregieeconomique.com\/en\/#website"},"datePublished":"2021-09-02T23:52:25+00:00","dateModified":"2023-06-01T17:49:55+00:00","description":"ERAC-M is a network in the Mont\u00e9r\u00e9gie to support and promote entrepreneurship, acceleration, and business growth through innovation.","breadcrumb":{"@id":"https:\/\/monteregieeconomique.com\/en\/innovation\/#breadcrumb"},"inLanguage":"en-US","potentialAction":[{"@type":"ReadAction","target":["https:\/\/monteregieeconomique.com\/en\/innovation\/"]}]},{"@type":"BreadcrumbList","@id":"https:\/\/monteregieeconomique.com\/en\/innovation\/#breadcrumb","itemListElement":[{"@type":"ListItem","position":1,"name":"Home","item":"https:\/\/monteregieeconomique.com\/en\/"},{"@type":"ListItem","position":2,"name":"L&rsquo;espace r\u00e9gional d\u2019acc\u00e9l\u00e9ration et de croissance"}]},{"@type":"WebSite","@id":"https:\/\/monteregieeconomique.com\/en\/#website","url":"https:\/\/monteregieeconomique.com\/en\/","name":"Mont\u00e9r\u00e9gie \u00c9conomique","description":"La Mont\u00e9r\u00e9gie rayonne gr\u00e2ce \u00e0 la vitalit\u00e9 de son \u00e9cosyst\u00e8me \u00e9conomique. Un r\u00e9seau fort et concert\u00e9 soutenant l\u2019entrepreneuriat. D\u00e9couvrez-nous!","publisher":{"@id":"https:\/\/monteregieeconomique.com\/en\/#organization"},"potentialAction":[{"@type":"SearchAction","target":{"@type":"EntryPoint","urlTemplate":"https:\/\/monteregieeconomique.com\/en\/?s={search_term_string}"},"query-input":"required name=search_term_string"}],"inLanguage":"en-US"},{"@type":"Organization","@id":"https:\/\/monteregieeconomique.com\/en\/#organization","name":"Mont\u00e9r\u00e9gie \u00c9conomique","url":"https:\/\/monteregieeconomique.com\/en\/","logo":{"@type":"ImageObject","inLanguage":"en-US","@id":"https:\/\/monteregieeconomique.com\/en\/#\/schema\/logo\/image\/","url":"https:\/\/monteregieeconomique.com\/wp-content\/uploads\/2021\/12\/OG.jpeg","contentUrl":"https:\/\/monteregieeconomique.com\/wp-content\/uploads\/2021\/12\/OG.jpeg","width":1200,"height":630,"caption":"Mont\u00e9r\u00e9gie \u00c9conomique"},"image":{"@id":"https:\/\/monteregieeconomique.com\/en\/#\/schema\/logo\/image\/"},"sameAs":["https:\/\/www.facebook.com\/monteregie.economique","https:\/\/www.linkedin.com\/company\/mont\u00e9r\u00e9gie-\u00e9conomique\/"]}]}},"_links":{"self":[{"href":"https:\/\/monteregieeconomique.com\/en\/wp-json\/wp\/v2\/pages\/4806"}],"collection":[{"href":"https:\/\/monteregieeconomique.com\/en\/wp-json\/wp\/v2\/pages"}],"about":[{"href":"https:\/\/monteregieeconomique.com\/en\/wp-json\/wp\/v2\/types\/page"}],"author":[{"embeddable":true,"href":"https:\/\/monteregieeconomique.com\/en\/wp-json\/wp\/v2\/users\/1"}],"replies":[{"embeddable":true,"href":"https:\/\/monteregieeconomique.com\/en\/wp-json\/wp\/v2\/comments?post=4806"}],"version-history":[{"count":29,"href":"https:\/\/monteregieeconomique.com\/en\/wp-json\/wp\/v2\/pages\/4806\/revisions"}],"predecessor-version":[{"id":6687,"href":"https:\/\/monteregieeconomique.com\/en\/wp-json\/wp\/v2\/pages\/4806\/revisions\/6687"}],"wp:attachment":[{"href":"https:\/\/monteregieeconomique.com\/en\/wp-json\/wp\/v2\/media?parent=4806"}],"curies":[{"name":"wp","href":"https:\/\/api.w.org\/{rel}","templated":true}]}}